{"id":2,"date":"2010-02-06T10:10:29","date_gmt":"2010-02-06T10:10:29","guid":{"rendered":"http:\/\/blogg.kamphavet.se\/?page_id=2"},"modified":"2014-01-07T19:28:26","modified_gmt":"2014-01-07T18:28:26","slug":"about","status":"publish","type":"page","link":"http:\/\/blogg.kamphavet.se\/?page_id=2","title":{"rendered":"Om v\u00e5r blogg"},"content":{"rendered":"<p style=\"text-align: left;\">Vi b\u00f6rjade publicera text och bilder om stort och sm\u00e5tt i v\u00e5ra liv p\u00e5 v\u00e5r hemsida <a href=\"http:\/\/www.kanphavet.se\/index2.html\" target=\"_blank\">kamphavet.se<\/a> i mars 2009. Efter ett knappt \u00e5r hade\u00a0det blivit s\u00e5 mycket (56 inl\u00e4gg och n\u00e4stan 200 bilder) att det var besv\u00e4rligt att h\u00e5lla ordning p\u00e5 allt. Vi b\u00f6rjade d\u00e4rf\u00f6r experimentera med olika bloggsystem som fanns att h\u00e4mta p\u00e5 n\u00e4tet och fastnade f\u00f6r WordPress, ett popul\u00e4rt system som dessutom \u00e4r helt gratis. D\u00e4remot var det inte direkt enkelt att f\u00e5 WordPress att se ut som man vill och fungera som man vill.<\/p>\n<p style=\"text-align: left;\">I j\u00e4mf\u00f6relse med v\u00e5r gamla blogg finns en stor f\u00f6rdel med WordPress &#8211; Du kan kommentera v\u00e5ra inl\u00e4gg! Du beh\u00f6ver bara ange Ditt namn och epostadress och sedan kan Du skriva en kommentar. Anledningen till att Du m\u00e5ste uppge namn och mailadress \u00e4r att vi vill kunna h\u00e5lla bloggen fri fr\u00e5n dumheter; vi \u00e4r ju \u00e4nd\u00e5 ansvariga f\u00f6r vad som st\u00e5r p\u00e5 v\u00e5ra websajter.\u00a0\u00a0N\u00e4r n\u00e5gon kommenterar bloggen f\u00e5r vi automatiskt ett mail och kan godk\u00e4nna eller f\u00f6rkasta kommentaren.\u00a0\u00a0Tyv\u00e4rr finns det folk ute p\u00e5 internet som f\u00f6rs\u00f6ker sprida virus och reklam genom att skriva dem som kommentarer till bloggar, s\u00e5 vi f\u00e5r ungef\u00e4r fem skadliga kommentarer f\u00f6r varje v\u00e4lmenad och tvingas rensa bort skadliga kommentarer n\u00e4stan varje dag. Men det \u00e4r l\u00e4tt och beh\u00e4ndigt i WordPress, s\u00e5 det \u00e4r inget egentligt problem.<\/p>\n","protected":false},"excerpt":{"rendered":"<p>Vi b\u00f6rjade publicera text och bilder om stort och sm\u00e5tt i v\u00e5ra liv p\u00e5 v\u00e5r hemsida kamphavet.se i mars 2009. Efter ett knappt \u00e5r hade\u00a0det blivit s\u00e5 mycket (56 inl\u00e4gg och n\u00e4stan 200 bilder) att det var besv\u00e4rligt att h\u00e5lla ordning p\u00e5 allt. Vi b\u00f6rjade d\u00e4rf\u00f6r experimentera med olika bloggsystem som fanns att h\u00e4mta p\u00e5&hellip; <a class=\"more-link\" href=\"http:\/\/blogg.kamphavet.se\/?page_id=2\">Forts\u00e4tt l\u00e4sa <span class=\"screen-reader-text\">Om v\u00e5r blogg<\/span><\/a><\/p>\n","protected":false},"author":1,"featured_media":0,"parent":0,"menu_order":1,"comment_status":"open","ping_status":"open","template":"","meta":[],"_links":{"self":[{"href":"http:\/\/blogg.kamphavet.se\/index.php?rest_route=\/wp\/v2\/pages\/2"}],"collection":[{"href":"http:\/\/blogg.kamphavet.se\/index.php?rest_route=\/wp\/v2\/pages"}],"about":[{"href":"http:\/\/blogg.kamphavet.se\/index.php?rest_route=\/wp\/v2\/types\/page"}],"author":[{"embeddable":true,"href":"http:\/\/blogg.kamphavet.se\/index.php?rest_route=\/wp\/v2\/users\/1"}],"replies":[{"embeddable":true,"href":"http:\/\/blogg.kamphavet.se\/index.php?rest_route=%2Fwp%2Fv2%2Fcomments&post=2"}],"version-history":[{"count":9,"href":"http:\/\/blogg.kamphavet.se\/index.php?rest_route=\/wp\/v2\/pages\/2\/revisions"}],"predecessor-version":[{"id":2403,"href":"http:\/\/blogg.kamphavet.se\/index.php?rest_route=\/wp\/v2\/pages\/2\/revisions\/2403"}],"wp:attachment":[{"href":"http:\/\/blogg.kamphavet.se\/index.php?rest_route=%2Fwp%2Fv2%2Fmedia&parent=2"}],"curies":[{"name":"wp","href":"https:\/\/api.w.org\/{rel}","templated":true}]}}